{"id":1177,"date":"2022-09-11T16:00:51","date_gmt":"2022-09-11T20:00:51","guid":{"rendered":"http:\/\/evaristodelossantos.com\/?page_id=1177"},"modified":"2024-06-22T21:16:46","modified_gmt":"2024-06-23T01:16:46","slug":"thanks-page","status":"publish","type":"page","link":"https:\/\/evaristodelossantos.com\/en\/thanks-page\/","title":{"rendered":"Thanks Page"},"content":{"rendered":"\t\t<div data-elementor-type=\"wp-page\" data-elementor-id=\"1177\" class=\"elementor elementor-1177\" data-elementor-post-type=\"page\">\n\t\t\t\t\t\t<section class=\"elementor-section elementor-top-section elementor-element elementor-element-583cb8e elementor-section-stretched elementor-section-boxed elementor-section-height-default elementor-section-height-default\" data-id=\"583cb8e\" data-element_type=\"section\" data-e-type=\"section\" data-settings=\"{&quot;stretch_section&quot;:&quot;section-stretched&quot;}\">\n\t\t\t\t\t\t<div class=\"elementor-container elementor-column-gap-no\">\n\t\t\t\t\t<div class=\"elementor-column elementor-col-100 elementor-top-column elementor-element elementor-element-de2038c\" data-id=\"de2038c\" data-element_type=\"column\" data-e-type=\"column\" data-settings=\"{&quot;background_background&quot;:&quot;classic&quot;}\">\n\t\t\t<div class=\"elementor-widget-wrap elementor-element-populated\">\n\t\t\t\t\t\t<div class=\"elementor-element elementor-element-d38797d elementor-widget elementor-widget-image\" data-id=\"d38797d\" data-element_type=\"widget\" data-e-type=\"widget\" data-widget_type=\"image.default\">\n\t\t\t\t<div class=\"elementor-widget-container\">\n\t\t\t\t\t\t\t\t\t\t\t\t\t\t\t<img fetchpriority=\"high\" decoding=\"async\" width=\"2076\" height=\"940\" src=\"https:\/\/evaristodelossantos.com\/wp-content\/uploads\/2022\/04\/cropped-EVARISTO-DE-LOS-SANTOS-MANUAL-DE-IDENTIDAD-CORPORATIVA-1-26.png\" class=\"attachment-full size-full wp-image-824\" alt=\"\" srcset=\"https:\/\/evaristodelossantos.com\/wp-content\/uploads\/2022\/04\/cropped-EVARISTO-DE-LOS-SANTOS-MANUAL-DE-IDENTIDAD-CORPORATIVA-1-26.png 2076w, https:\/\/evaristodelossantos.com\/wp-content\/uploads\/2022\/04\/cropped-EVARISTO-DE-LOS-SANTOS-MANUAL-DE-IDENTIDAD-CORPORATIVA-1-26-300x136.png 300w, https:\/\/evaristodelossantos.com\/wp-content\/uploads\/2022\/04\/cropped-EVARISTO-DE-LOS-SANTOS-MANUAL-DE-IDENTIDAD-CORPORATIVA-1-26-1024x464.png 1024w, https:\/\/evaristodelossantos.com\/wp-content\/uploads\/2022\/04\/cropped-EVARISTO-DE-LOS-SANTOS-MANUAL-DE-IDENTIDAD-CORPORATIVA-1-26-768x348.png 768w, https:\/\/evaristodelossantos.com\/wp-content\/uploads\/2022\/04\/cropped-EVARISTO-DE-LOS-SANTOS-MANUAL-DE-IDENTIDAD-CORPORATIVA-1-26-1536x695.png 1536w, https:\/\/evaristodelossantos.com\/wp-content\/uploads\/2022\/04\/cropped-EVARISTO-DE-LOS-SANTOS-MANUAL-DE-IDENTIDAD-CORPORATIVA-1-26-2048x927.png 2048w, https:\/\/evaristodelossantos.com\/wp-content\/uploads\/2022\/04\/cropped-EVARISTO-DE-LOS-SANTOS-MANUAL-DE-IDENTIDAD-CORPORATIVA-1-26-600x272.png 600w\" sizes=\"(max-width: 2076px) 100vw, 2076px\" \/>\t\t\t\t\t\t\t\t\t\t\t\t\t\t\t<\/div>\n\t\t\t\t<\/div>\n\t\t\t\t<section class=\"elementor-section elementor-inner-section elementor-element elementor-element-de3fb53 elementor-section-height-min-height elementor-section-content-middle elementor-section-boxed elementor-section-height-default\" data-id=\"de3fb53\" data-element_type=\"section\" data-e-type=\"section\" data-settings=\"{&quot;background_background&quot;:&quot;classic&quot;}\">\n\t\t\t\t\t\t\t<div class=\"elementor-background-overlay\"><\/div>\n\t\t\t\t\t\t\t<div class=\"elementor-container elementor-column-gap-default\">\n\t\t\t\t\t<div class=\"elementor-column elementor-col-100 elementor-inner-column elementor-element elementor-element-a1f6275\" data-id=\"a1f6275\" data-element_type=\"column\" data-e-type=\"column\">\n\t\t\t<div class=\"elementor-widget-wrap elementor-element-populated\">\n\t\t\t\t\t\t<div class=\"elementor-element elementor-element-ab34aba elementor-widget elementor-widget-heading\" data-id=\"ab34aba\" data-element_type=\"widget\" data-e-type=\"widget\" data-widget_type=\"heading.default\">\n\t\t\t\t<div class=\"elementor-widget-container\">\n\t\t\t\t\t<h2 class=\"elementor-heading-title elementor-size-default\">\u00a1Registro exitoso!<\/h2>\t\t\t\t<\/div>\n\t\t\t\t<\/div>\n\t\t\t\t<div class=\"elementor-element elementor-element-32469b1 elementor-widget elementor-widget-jet-listing-grid\" data-id=\"32469b1\" data-element_type=\"widget\" data-e-type=\"widget\" data-settings=\"{&quot;columns&quot;:&quot;1&quot;}\" data-widget_type=\"jet-listing-grid.default\">\n\t\t\t\t<div class=\"elementor-widget-container\">\n\t\t\t\t\t<div class=\"jet-listing-grid jet-listing\"><div class=\"jet-listing-grid__items grid-col-desk-1 grid-col-tablet-1 grid-col-mobile-1 jet-listing-grid--1213\" data-queried-id=\"1177|WP_Post\" data-cct-slug=\"clientes_inscritos\" data-nav=\"{&quot;enabled&quot;:false,&quot;type&quot;:null,&quot;more_el&quot;:null,&quot;query&quot;:[],&quot;widget_settings&quot;:{&quot;lisitng_id&quot;:1213,&quot;posts_num&quot;:1,&quot;columns&quot;:1,&quot;columns_tablet&quot;:1,&quot;columns_mobile&quot;:1,&quot;column_min_width&quot;:240,&quot;column_min_width_tablet&quot;:240,&quot;column_min_width_mobile&quot;:240,&quot;inline_columns_css&quot;:false,&quot;is_archive_template&quot;:&quot;&quot;,&quot;post_status&quot;:[&quot;publish&quot;],&quot;use_random_posts_num&quot;:&quot;&quot;,&quot;max_posts_num&quot;:9,&quot;not_found_message&quot;:&quot;No data was found&quot;,&quot;is_masonry&quot;:false,&quot;equal_columns_height&quot;:&quot;&quot;,&quot;use_load_more&quot;:&quot;&quot;,&quot;load_more_id&quot;:&quot;&quot;,&quot;load_more_type&quot;:&quot;click&quot;,&quot;load_more_offset&quot;:null,&quot;use_custom_post_types&quot;:&quot;&quot;,&quot;custom_post_types&quot;:[],&quot;hide_widget_if&quot;:&quot;&quot;,&quot;carousel_enabled&quot;:&quot;&quot;,&quot;slides_to_scroll&quot;:&quot;1&quot;,&quot;arrows&quot;:&quot;true&quot;,&quot;arrow_icon&quot;:&quot;fa fa-angle-left&quot;,&quot;dots&quot;:&quot;&quot;,&quot;autoplay&quot;:&quot;true&quot;,&quot;pause_on_hover&quot;:&quot;true&quot;,&quot;autoplay_speed&quot;:5000,&quot;infinite&quot;:&quot;true&quot;,&quot;center_mode&quot;:&quot;&quot;,&quot;effect&quot;:&quot;slide&quot;,&quot;speed&quot;:500,&quot;inject_alternative_items&quot;:&quot;&quot;,&quot;injection_items&quot;:[],&quot;scroll_slider_enabled&quot;:&quot;&quot;,&quot;scroll_slider_on&quot;:[&quot;desktop&quot;,&quot;tablet&quot;,&quot;mobile&quot;],&quot;custom_query&quot;:false,&quot;custom_query_id&quot;:&quot;&quot;,&quot;_element_id&quot;:&quot;&quot;,&quot;collapse_first_last_gap&quot;:false,&quot;list_tag_selection&quot;:&quot;&quot;,&quot;list_items_wrapper_tag&quot;:&quot;div&quot;,&quot;list_item_tag&quot;:&quot;div&quot;,&quot;empty_items_wrapper_tag&quot;:&quot;div&quot;}}\" data-page=\"1\" data-pages=\"19\" data-listing-source=\"custom_content_type\" data-listing-id=\"1213\" data-query-id=\"\"><div class=\"jet-listing-grid__item jet-listing-dynamic-post-54\" data-post-id=\"54\"  >\t\t<div data-elementor-type=\"jet-listing-items\" data-elementor-id=\"1213\" class=\"elementor elementor-1213\" data-elementor-post-type=\"jet-engine\">\n\t\t\t\t<div class=\"elementor-element elementor-element-903aa36 e-flex e-con-boxed e-con e-parent\" data-id=\"903aa36\" data-element_type=\"container\" data-e-type=\"container\">\n\t\t\t\t\t<div class=\"e-con-inner\">\n\t\t<div class=\"elementor-element elementor-element-01ce3cc e-con-full e-flex e-con e-child\" data-id=\"01ce3cc\" data-element_type=\"container\" data-e-type=\"container\">\n\t\t\t\t<div class=\"elementor-element elementor-element-634e89e elementor-widget elementor-widget-jet-listing-dynamic-field\" data-id=\"634e89e\" data-element_type=\"widget\" data-e-type=\"widget\" data-widget_type=\"jet-listing-dynamic-field.default\">\n\t\t\t\t<div class=\"elementor-widget-container\">\n\t\t\t\t\t<div class=\"jet-listing-dynamic-field__content\" >Gracias por inscribirte, Natacha. Me complace informarte que hemos recibido con \u00e9xito el pago de la inscripci\u00f3n al workshop. Debes haber recibido un correo electr\u00f3nico con la confirmaci\u00f3n del pago.\n\nSi no lo encuentras, revisa tu carpeta de spam. Si a\u00fan no lo encuentras, cont\u00e1ctanos a trav\u00e9s de school@evaristodelossantos.com<\/div>\t\t\t\t<\/div>\n\t\t\t\t<\/div>\n\t\t\t\t<div class=\"elementor-element elementor-element-0009e2c elementor-widget elementor-widget-jet-listing-dynamic-field\" data-id=\"0009e2c\" data-element_type=\"widget\" data-e-type=\"widget\" data-widget_type=\"jet-listing-dynamic-field.default\">\n\t\t\t\t<div class=\"elementor-widget-container\">\n\t\t\t\t\t<div class=\"jet-listing-dynamic-field__content\" >Tu numero de registro es: <b>#EDLS00054<\/b><br>\n\nPuedes tomarle captura a esta pantalla para presentarla el d\u00eda del evento.<\/div>\t\t\t\t<\/div>\n\t\t\t\t<\/div>\n\t\t\t\t<\/div>\n\t\t\t\t\t<\/div>\n\t\t\t\t<\/div>\n\t\t\t\t<\/div>\n\t\t<\/div><\/div><\/div>\t\t\t\t<\/div>\n\t\t\t\t<\/div>\n\t\t\t\t<div class=\"elementor-element elementor-element-f45c90d elementor-hidden-desktop elementor-hidden-tablet elementor-hidden-mobile elementor-widget elementor-widget-text-editor\" data-id=\"f45c90d\" data-element_type=\"widget\" data-e-type=\"widget\" data-widget_type=\"text-editor.default\">\n\t\t\t\t<div class=\"elementor-widget-container\">\n\t\t\t\t\t\t\t\t\t<p>Me alegra informarte que hemos recibido con \u00e9xito el pago del registro del taller. En 48 horas m\u00e1ximo una persona de nuestro equipo te estar\u00e1 contactar\u00e1 v\u00eda email.<\/p>\t\t\t\t\t\t\t\t<\/div>\n\t\t\t\t<\/div>\n\t\t\t\t\t<\/div>\n\t\t<\/div>\n\t\t\t\t\t<\/div>\n\t\t<\/section>\n\t\t\t\t\t<\/div>\n\t\t<\/div>\n\t\t\t\t\t<\/div>\n\t\t<\/section>\n\t\t\t\t<section class=\"elementor-section elementor-top-section elementor-element elementor-element-d43265c elementor-section-boxed elementor-section-height-default elementor-section-height-default\" data-id=\"d43265c\" data-element_type=\"section\" data-e-type=\"section\">\n\t\t\t\t\t\t<div class=\"elementor-container elementor-column-gap-default\">\n\t\t\t\t\t<div class=\"elementor-column elementor-col-100 elementor-top-column elementor-element elementor-element-9fa3256\" data-id=\"9fa3256\" data-element_type=\"column\" data-e-type=\"column\">\n\t\t\t<div class=\"elementor-widget-wrap elementor-element-populated\">\n\t\t\t\t\t\t<div class=\"elementor-element elementor-element-9f8db82 elementor-mobile-align-center elementor-absolute elementor-align-center elementor-widget elementor-widget-lottie\" data-id=\"9f8db82\" data-element_type=\"widget\" data-e-type=\"widget\" data-settings=\"{&quot;source&quot;:&quot;external_url&quot;,&quot;source_external_url&quot;:{&quot;url&quot;:&quot;https:\\\/\\\/assets3.lottiefiles.com\\\/packages\\\/lf20_nxsyeqbd.json&quot;,&quot;is_external&quot;:&quot;&quot;,&quot;nofollow&quot;:&quot;&quot;,&quot;custom_attributes&quot;:&quot;&quot;},&quot;loop&quot;:&quot;yes&quot;,&quot;number_of_times&quot;:3,&quot;_position&quot;:&quot;absolute&quot;,&quot;link_to&quot;:&quot;none&quot;,&quot;trigger&quot;:&quot;arriving_to_viewport&quot;,&quot;viewport&quot;:{&quot;unit&quot;:&quot;%&quot;,&quot;size&quot;:&quot;&quot;,&quot;sizes&quot;:{&quot;start&quot;:0,&quot;end&quot;:100}},&quot;play_speed&quot;:{&quot;unit&quot;:&quot;px&quot;,&quot;size&quot;:1,&quot;sizes&quot;:[]},&quot;start_point&quot;:{&quot;unit&quot;:&quot;%&quot;,&quot;size&quot;:0,&quot;sizes&quot;:[]},&quot;end_point&quot;:{&quot;unit&quot;:&quot;%&quot;,&quot;size&quot;:100,&quot;sizes&quot;:[]},&quot;renderer&quot;:&quot;svg&quot;}\" data-widget_type=\"lottie.default\">\n\t\t\t\t<div class=\"elementor-widget-container\">\n\t\t\t\t\t<div class=\"e-lottie__container\"><div class=\"e-lottie__animation\"><\/div><\/div>\t\t\t\t<\/div>\n\t\t\t\t<\/div>\n\t\t\t\t\t<\/div>\n\t\t<\/div>\n\t\t\t\t\t<\/div>\n\t\t<\/section>\n\t\t\t\t<\/div>\n\t\t","protected":false},"excerpt":{"rendered":"<p>\u00a1Registro exitoso! Gracias por Inscribirte, Aida Nicole! Me alegra informarte que hemos recibido con \u00e9xito el pago del registro del taller. En 48 horas m\u00e1ximo una persona de nuestro equipo te estar\u00e1 contactar\u00e1 v\u00eda email. Tu numero de registro es: #EDLS00023 Puedes tomarle captura a esta pantalla para presentarla el d\u00eda del evento. Me alegra [&hellip;]<\/p>\n","protected":false},"author":1,"featured_media":0,"parent":0,"menu_order":10,"comment_status":"closed","ping_status":"closed","template":"","meta":{"footnotes":""},"class_list":["post-1177","page","type-page","status-publish","hentry"],"_links":{"self":[{"href":"https:\/\/evaristodelossantos.com\/en\/wp-json\/wp\/v2\/pages\/1177","targetHints":{"allow":["GET"]}}],"collection":[{"href":"https:\/\/evaristodelossantos.com\/en\/wp-json\/wp\/v2\/pages"}],"about":[{"href":"https:\/\/evaristodelossantos.com\/en\/wp-json\/wp\/v2\/types\/page"}],"author":[{"embeddable":true,"href":"https:\/\/evaristodelossantos.com\/en\/wp-json\/wp\/v2\/users\/1"}],"replies":[{"embeddable":true,"href":"https:\/\/evaristodelossantos.com\/en\/wp-json\/wp\/v2\/comments?post=1177"}],"version-history":[{"count":0,"href":"https:\/\/evaristodelossantos.com\/en\/wp-json\/wp\/v2\/pages\/1177\/revisions"}],"wp:attachment":[{"href":"https:\/\/evaristodelossantos.com\/en\/wp-json\/wp\/v2\/media?parent=1177"}],"curies":[{"name":"wp","href":"https:\/\/api.w.org\/{rel}","templated":true}]}}