{"id":18,"date":"2022-04-11T16:38:35","date_gmt":"2022-04-11T16:38:35","guid":{"rendered":"http:\/\/evaristodelossantos.com\/?page_id=18"},"modified":"2023-01-18T14:19:39","modified_gmt":"2023-01-18T18:19:39","slug":"about-me","status":"publish","type":"page","link":"https:\/\/evaristodelossantos.com\/en\/about-me\/","title":{"rendered":"About Me"},"content":{"rendered":"<div data-elementor-type=\"wp-page\" data-elementor-id=\"18\" class=\"elementor elementor-18\" data-elementor-post-type=\"page\">\n\t\t\t\t\t\t<section class=\"elementor-section elementor-top-section elementor-element elementor-element-c1c9adc elementor-section-height-min-height elementor-section-items-bottom elementor-section-boxed elementor-section-height-default\" data-id=\"c1c9adc\" data-element_type=\"section\" data-e-type=\"section\" data-settings=\"{&quot;background_background&quot;:&quot;classic&quot;}\">\n\t\t\t\t\t\t\t<div class=\"elementor-background-overlay\"><\/div>\n\t\t\t\t\t\t\t<div class=\"elementor-container elementor-column-gap-default\">\n\t\t\t\t\t<div class=\"elementor-column elementor-col-100 elementor-top-column elementor-element elementor-element-117eab2\" data-id=\"117eab2\" data-element_type=\"column\" data-e-type=\"column\">\n\t\t\t<div class=\"elementor-widget-wrap elementor-element-populated\">\n\t\t\t\t\t\t<section class=\"elementor-section elementor-inner-section elementor-element elementor-element-94086da elementor-section-height-min-height elementor-section-boxed elementor-section-height-default\" data-id=\"94086da\" data-element_type=\"section\" data-e-type=\"section\">\n\t\t\t\t\t\t<div class=\"elementor-container elementor-column-gap-default\">\n\t\t\t\t\t<div class=\"elementor-column elementor-col-100 elementor-inner-column elementor-element elementor-element-07aee0c\" data-id=\"07aee0c\" data-element_type=\"column\" data-e-type=\"column\">\n\t\t\t<div class=\"elementor-widget-wrap elementor-element-populated\">\n\t\t\t\t\t\t<div class=\"elementor-element elementor-element-b5e770b elementor-widget__width-auto elementor-widget elementor-widget-heading\" data-id=\"b5e770b\" data-element_type=\"widget\" data-e-type=\"widget\" data-widget_type=\"heading.default\">\n\t\t\t\t<div class=\"elementor-widget-container\">\n\t\t\t\t\t<h2 class=\"elementor-heading-title elementor-size-default\">About<\/h2>\t\t\t\t<\/div>\n\t\t\t\t<\/div>\n\t\t\t\t<div class=\"elementor-element elementor-element-ef88a0c elementor-widget__width-auto elementor-widget elementor-widget-heading\" data-id=\"ef88a0c\" data-element_type=\"widget\" data-e-type=\"widget\" data-widget_type=\"heading.default\">\n\t\t\t\t<div class=\"elementor-widget-container\">\n\t\t\t\t\t<h2 class=\"elementor-heading-title elementor-size-default\">Me<\/h2>\t\t\t\t<\/div>\n\t\t\t\t<\/div>\n\t\t\t\t\t<\/div>\n\t\t<\/div>\n\t\t\t\t\t<\/div>\n\t\t<\/section>\n\t\t\t\t\t<\/div>\n\t\t<\/div>\n\t\t\t\t\t<\/div>\n\t\t<\/section>\n\t\t\t\t<section class=\"elementor-section elementor-top-section elementor-element elementor-element-1748a82 elementor-section-height-min-height elementor-section-boxed elementor-section-height-default elementor-section-items-middle\" data-id=\"1748a82\" data-element_type=\"section\" data-e-type=\"section\">\n\t\t\t\t\t\t<div class=\"elementor-container elementor-column-gap-default\">\n\t\t\t\t\t<div class=\"elementor-column elementor-col-50 elementor-top-column elementor-element elementor-element-644e0e1\" data-id=\"644e0e1\" data-element_type=\"column\" data-e-type=\"column\">\n\t\t\t<div class=\"elementor-widget-wrap elementor-element-populated\">\n\t\t\t\t\t\t<div class=\"elementor-element elementor-element-29499b8 elementor-widget elementor-widget-image\" data-id=\"29499b8\" data-element_type=\"widget\" data-e-type=\"widget\" data-widget_type=\"image.default\">\n\t\t\t\t<div class=\"elementor-widget-container\">\n\t\t\t\t\t\t\t\t\t\t\t\t\t\t\t<img fetchpriority=\"high\" decoding=\"async\" width=\"1500\" height=\"2000\" src=\"https:\/\/evaristodelossantos.com\/wp-content\/uploads\/2023\/08\/boyko-29.jpg\" class=\"attachment-full size-full wp-image-1794\" alt=\"\" srcset=\"https:\/\/evaristodelossantos.com\/wp-content\/uploads\/2023\/08\/boyko-29.jpg 1500w, https:\/\/evaristodelossantos.com\/wp-content\/uploads\/2023\/08\/boyko-29-225x300.jpg 225w, https:\/\/evaristodelossantos.com\/wp-content\/uploads\/2023\/08\/boyko-29-768x1024.jpg 768w, https:\/\/evaristodelossantos.com\/wp-content\/uploads\/2023\/08\/boyko-29-1152x1536.jpg 1152w, https:\/\/evaristodelossantos.com\/wp-content\/uploads\/2023\/08\/boyko-29-9x12.jpg 9w\" sizes=\"(max-width: 1500px) 100vw, 1500px\" \/>\t\t\t\t\t\t\t\t\t\t\t\t\t\t\t<\/div>\n\t\t\t\t<\/div>\n\t\t\t\t\t<\/div>\n\t\t<\/div>\n\t\t\t\t<div class=\"elementor-column elementor-col-50 elementor-top-column elementor-element elementor-element-f282670\" data-id=\"f282670\" data-element_type=\"column\" data-e-type=\"column\">\n\t\t\t<div class=\"elementor-widget-wrap elementor-element-populated\">\n\t\t\t\t\t\t<div class=\"elementor-element elementor-element-65f6c6c elementor-widget elementor-widget-heading\" data-id=\"65f6c6c\" data-element_type=\"widget\" data-e-type=\"widget\" data-widget_type=\"heading.default\">\n\t\t\t\t<div class=\"elementor-widget-container\">\n\t\t\t\t\t<span class=\"elementor-heading-title elementor-size-default\">I am a <\/span>\t\t\t\t<\/div>\n\t\t\t\t<\/div>\n\t\t\t\t<div class=\"elementor-element elementor-element-aa5f182 elementor-widget-mobile__width-initial elementor-widget elementor-widget-heading\" data-id=\"aa5f182\" data-element_type=\"widget\" data-e-type=\"widget\" data-widget_type=\"heading.default\">\n\t\t\t\t<div class=\"elementor-widget-container\">\n\t\t\t\t\t<span class=\"elementor-heading-title elementor-size-default\">Designer<\/span>\t\t\t\t<\/div>\n\t\t\t\t<\/div>\n\t\t\t\t<section class=\"elementor-section elementor-inner-section elementor-element elementor-element-4f2fa6a elementor-section-boxed elementor-section-height-default elementor-section-height-default\" data-id=\"4f2fa6a\" data-element_type=\"section\" data-e-type=\"section\">\n\t\t\t\t\t\t<div class=\"elementor-container elementor-column-gap-default\">\n\t\t\t\t\t<div class=\"elementor-column elementor-col-100 elementor-inner-column elementor-element elementor-element-6763060\" data-id=\"6763060\" data-element_type=\"column\" data-e-type=\"column\">\n\t\t\t<div class=\"elementor-widget-wrap elementor-element-populated\">\n\t\t\t\t\t\t<div class=\"elementor-element elementor-element-8421690 elementor-widget elementor-widget-text-editor\" data-id=\"8421690\" data-element_type=\"widget\" data-e-type=\"widget\" data-widget_type=\"text-editor.default\">\n\t\t\t\t<div class=\"elementor-widget-container\">\n\t\t\t\t\t\t\t\t\t<p>Embajador de mi amada tierra Rep\u00fablica Dominicana, dise\u00f1ador de interiores por profesi\u00f3n y pasi\u00f3n, artista pl\u00e1stico, amante del arte y el buen estilo de vida. Al salir del colegio inicie estudiando derecho, mi primera carrera, esta me brindo las habilidades para conocer las leyes y obtener muchos recursos, que han servido de gran apoyo a este trabajo que hoy hago con pasi\u00f3n.<\/p>\n<p>Al tiempo me envolv\u00ed en el marketing que me brindo las herramientas suficientes para conocer mi marca, ver mi valor y saber para qui\u00e9n necesitaba trabajar.<\/p>\n<p>Soy el hermano mayor de dos hermanos, nac\u00ed y crec\u00ed en una maravillosa familia rodeado de amor y valores, siempre he amado liderar y crear proyectos \u00fanicos, en casa me toc\u00f3 celebrar todos los momentos especiales de la familia, crec\u00ed viendo a mis abuelos ser seres muy trabajadores y en especial mi abuela, que siempre ha sido una gran artista, mi amor por las flores, la bot\u00e1nica y el arte lo he aprendido de ella.<\/p>\n<p>Soy un joven apasionado respiro y hablo arte. llevo conmigo ra\u00edces, dones y talentos muy fuertes de creatividad tales como: La musica, el arte, el baile, la arquitectura y el dise\u00f1o en general, me ha tocado crear grandes proyectos, tanto organizar cada detalle como hacer que estos cobren vida, eventos locales e internacionales que mantienen un acento muy sofisticado de elegancia, cargados de clase y estilo.<\/p>\n<p>Firmemente apuesto a los proyectos creados desde el asiento organizacional, que tengan el amor, esmero y pasi\u00f3n necesaria sin medidas y con grandes desbordes de creatividad.<\/p>\n<p>Creamos y creemos en los proyectos dise\u00f1ados a la medida de nuestros est\u00e1ndares de calidad como marca. y sujetos a los gustos de nuestros clientes.<\/p>\n\t\t\t\t\t\t\t\t<\/div>\n\t\t\t\t<\/div>\n\t\t\t\t\t<\/div>\n\t\t<\/div>\n\t\t\t\t\t<\/div>\n\t\t<\/section>\n\t\t\t\t\t<\/div>\n\t\t<\/div>\n\t\t\t\t\t<\/div>\n\t\t<\/section>\n\t\t\t\t<section class=\"elementor-section elementor-top-section elementor-element elementor-element-caa2ffb elementor-section-boxed elementor-section-height-default elementor-section-height-default\" data-id=\"caa2ffb\" data-element_type=\"section\" data-e-type=\"section\">\n\t\t\t\t\t\t<div class=\"elementor-container elementor-column-gap-default\">\n\t\t\t\t\t<div class=\"elementor-column elementor-col-100 elementor-top-column elementor-element elementor-element-ba28243\" data-id=\"ba28243\" data-element_type=\"column\" data-e-type=\"column\">\n\t\t\t<div class=\"elementor-widget-wrap elementor-element-populated\">\n\t\t\t\t\t\t<section class=\"elementor-section elementor-inner-section elementor-element elementor-element-17eb9bb elementor-section-boxed elementor-section-height-default elementor-section-height-default\" data-id=\"17eb9bb\" data-element_type=\"section\" data-e-type=\"section\">\n\t\t\t\t\t\t<div class=\"elementor-container elementor-column-gap-default\">\n\t\t\t\t\t<div class=\"elementor-column elementor-col-100 elementor-inner-column elementor-element elementor-element-1dd7278\" data-id=\"1dd7278\" data-element_type=\"column\" data-e-type=\"column\">\n\t\t\t<div class=\"elementor-widget-wrap elementor-element-populated\">\n\t\t\t\t\t\t<div class=\"elementor-element elementor-element-6f60b08 elementor-widget elementor-widget-heading\" data-id=\"6f60b08\" data-element_type=\"widget\" data-e-type=\"widget\" data-widget_type=\"heading.default\">\n\t\t\t\t<div class=\"elementor-widget-container\">\n\t\t\t\t\t<h2 class=\"elementor-heading-title elementor-size-default\">Essence<\/h2>\t\t\t\t<\/div>\n\t\t\t\t<\/div>\n\t\t\t\t\t<\/div>\n\t\t<\/div>\n\t\t\t\t\t<\/div>\n\t\t<\/section>\n\t\t\t\t<div class=\"elementor-element elementor-element-c887e1a elementor-widget elementor-widget-gallery\" data-id=\"c887e1a\" data-element_type=\"widget\" data-e-type=\"widget\" data-settings=\"{&quot;gallery_layout&quot;:&quot;justified&quot;,&quot;lazyload&quot;:&quot;yes&quot;,&quot;ideal_row_height&quot;:{&quot;unit&quot;:&quot;px&quot;,&quot;size&quot;:200,&quot;sizes&quot;:[]},&quot;ideal_row_height_tablet&quot;:{&quot;unit&quot;:&quot;px&quot;,&quot;size&quot;:150,&quot;sizes&quot;:[]},&quot;ideal_row_height_mobile&quot;:{&quot;unit&quot;:&quot;px&quot;,&quot;size&quot;:150,&quot;sizes&quot;:[]},&quot;gap&quot;:{&quot;unit&quot;:&quot;px&quot;,&quot;size&quot;:10,&quot;sizes&quot;:[]},&quot;gap_tablet&quot;:{&quot;unit&quot;:&quot;px&quot;,&quot;size&quot;:10,&quot;sizes&quot;:[]},&quot;gap_mobile&quot;:{&quot;unit&quot;:&quot;px&quot;,&quot;size&quot;:10,&quot;sizes&quot;:[]},&quot;link_to&quot;:&quot;file&quot;,&quot;overlay_background&quot;:&quot;yes&quot;,&quot;content_hover_animation&quot;:&quot;fade-in&quot;}\" data-widget_type=\"gallery.default\">\n\t\t\t\t<div class=\"elementor-widget-container\">\n\t\t\t\t\t\t\t<div class=\"elementor-gallery__container\">\n\t\t\t\t\t\t\t<a class=\"e-gallery-item elementor-gallery-item elementor-animated-content\" href=\"https:\/\/evaristodelossantos.com\/wp-content\/uploads\/2022\/04\/D7CEF391-CB9B-4A96-A7E8-C131C1DF7B9E.jpg\" data-elementor-open-lightbox=\"yes\" data-elementor-lightbox-slideshow=\"c887e1a\" data-e-action-hash=\"#elementor-action%3Aaction%3Dlightbox%26settings%3DeyJpZCI6NzA4LCJ1cmwiOiJodHRwczpcL1wvZXZhcmlzdG9kZWxvc3NhbnRvcy5jb21cL3dwLWNvbnRlbnRcL3VwbG9hZHNcLzIwMjJcLzA0XC9EN0NFRjM5MS1DQjlCLTRBOTYtQTdFOC1DMTMxQzFERjdCOUUuanBnIiwic2xpZGVzaG93IjoiYzg4N2UxYSJ9\">\n\t\t\t\t\t<div class=\"e-gallery-image elementor-gallery-item__image\" data-thumbnail=\"https:\/\/evaristodelossantos.com\/wp-content\/uploads\/2022\/04\/D7CEF391-CB9B-4A96-A7E8-C131C1DF7B9E-200x300.jpg\" data-width=\"200\" data-height=\"300\" aria-label=\"\" role=\"img\" ><\/div>\n\t\t\t\t\t\t\t\t\t\t\t<div class=\"elementor-gallery-item__overlay\"><\/div>\n\t\t\t\t\t\t\t\t\t\t\t\t\t\t<\/a>\n\t\t\t\t\t\t\t<a class=\"e-gallery-item elementor-gallery-item elementor-animated-content\" href=\"https:\/\/evaristodelossantos.com\/wp-content\/uploads\/2022\/04\/IMG_7164.jpg\" data-elementor-open-lightbox=\"yes\" data-elementor-lightbox-slideshow=\"c887e1a\" data-e-action-hash=\"#elementor-action%3Aaction%3Dlightbox%26settings%3DeyJpZCI6NzEzLCJ1cmwiOiJodHRwczpcL1wvZXZhcmlzdG9kZWxvc3NhbnRvcy5jb21cL3dwLWNvbnRlbnRcL3VwbG9hZHNcLzIwMjJcLzA0XC9JTUdfNzE2NC5qcGciLCJzbGlkZXNob3ciOiJjODg3ZTFhIn0%3D\">\n\t\t\t\t\t<div class=\"e-gallery-image elementor-gallery-item__image\" data-thumbnail=\"https:\/\/evaristodelossantos.com\/wp-content\/uploads\/2022\/04\/IMG_7164-200x300.jpg\" data-width=\"200\" data-height=\"300\" aria-label=\"\" role=\"img\" ><\/div>\n\t\t\t\t\t\t\t\t\t\t\t<div class=\"elementor-gallery-item__overlay\"><\/div>\n\t\t\t\t\t\t\t\t\t\t\t\t\t\t<\/a>\n\t\t\t\t\t\t\t<a class=\"e-gallery-item elementor-gallery-item elementor-animated-content\" href=\"https:\/\/evaristodelossantos.com\/wp-content\/uploads\/2022\/04\/IMG_2788.jpg\" data-elementor-open-lightbox=\"yes\" data-elementor-lightbox-slideshow=\"c887e1a\" data-e-action-hash=\"#elementor-action%3Aaction%3Dlightbox%26settings%3DeyJpZCI6NzE5LCJ1cmwiOiJodHRwczpcL1wvZXZhcmlzdG9kZWxvc3NhbnRvcy5jb21cL3dwLWNvbnRlbnRcL3VwbG9hZHNcLzIwMjJcLzA0XC9JTUdfMjc4OC5qcGciLCJzbGlkZXNob3ciOiJjODg3ZTFhIn0%3D\">\n\t\t\t\t\t<div class=\"e-gallery-image elementor-gallery-item__image\" data-thumbnail=\"https:\/\/evaristodelossantos.com\/wp-content\/uploads\/2022\/04\/IMG_2788-225x300.jpg\" data-width=\"225\" data-height=\"300\" aria-label=\"\" role=\"img\" ><\/div>\n\t\t\t\t\t\t\t\t\t\t\t<div class=\"elementor-gallery-item__overlay\"><\/div>\n\t\t\t\t\t\t\t\t\t\t\t\t\t\t<\/a>\n\t\t\t\t\t\t\t<a class=\"e-gallery-item elementor-gallery-item elementor-animated-content\" href=\"https:\/\/evaristodelossantos.com\/wp-content\/uploads\/2022\/04\/DAA89B3F-9B58-4771-8437-39E97A1F4FCF.jpg\" data-elementor-open-lightbox=\"yes\" data-elementor-lightbox-slideshow=\"c887e1a\" data-e-action-hash=\"#elementor-action%3Aaction%3Dlightbox%26settings%3DeyJpZCI6NzE1LCJ1cmwiOiJodHRwczpcL1wvZXZhcmlzdG9kZWxvc3NhbnRvcy5jb21cL3dwLWNvbnRlbnRcL3VwbG9hZHNcLzIwMjJcLzA0XC9EQUE4OUIzRi05QjU4LTQ3NzEtODQzNy0zOUU5N0ExRjRGQ0YuanBnIiwic2xpZGVzaG93IjoiYzg4N2UxYSJ9\">\n\t\t\t\t\t<div class=\"e-gallery-image elementor-gallery-item__image\" data-thumbnail=\"https:\/\/evaristodelossantos.com\/wp-content\/uploads\/2022\/04\/DAA89B3F-9B58-4771-8437-39E97A1F4FCF-169x300.jpg\" data-width=\"169\" data-height=\"300\" aria-label=\"\" role=\"img\" ><\/div>\n\t\t\t\t\t\t\t\t\t\t\t<div class=\"elementor-gallery-item__overlay\"><\/div>\n\t\t\t\t\t\t\t\t\t\t\t\t\t\t<\/a>\n\t\t\t\t\t\t\t<a class=\"e-gallery-item elementor-gallery-item elementor-animated-content\" href=\"https:\/\/evaristodelossantos.com\/wp-content\/uploads\/2022\/04\/F3BDC419-5D26-49F4-B922-12922FDF5558.jpg\" data-elementor-open-lightbox=\"yes\" data-elementor-lightbox-slideshow=\"c887e1a\" data-e-action-hash=\"#elementor-action%3Aaction%3Dlightbox%26settings%3DeyJpZCI6NzEwLCJ1cmwiOiJodHRwczpcL1wvZXZhcmlzdG9kZWxvc3NhbnRvcy5jb21cL3dwLWNvbnRlbnRcL3VwbG9hZHNcLzIwMjJcLzA0XC9GM0JEQzQxOS01RDI2LTQ5RjQtQjkyMi0xMjkyMkZERjU1NTguanBnIiwic2xpZGVzaG93IjoiYzg4N2UxYSJ9\">\n\t\t\t\t\t<div class=\"e-gallery-image elementor-gallery-item__image\" data-thumbnail=\"https:\/\/evaristodelossantos.com\/wp-content\/uploads\/2022\/04\/F3BDC419-5D26-49F4-B922-12922FDF5558-200x300.jpg\" data-width=\"200\" data-height=\"300\" aria-label=\"\" role=\"img\" ><\/div>\n\t\t\t\t\t\t\t\t\t\t\t<div class=\"elementor-gallery-item__overlay\"><\/div>\n\t\t\t\t\t\t\t\t\t\t\t\t\t\t<\/a>\n\t\t\t\t\t\t\t<a class=\"e-gallery-item elementor-gallery-item elementor-animated-content\" href=\"https:\/\/evaristodelossantos.com\/wp-content\/uploads\/2022\/04\/IMG_8407.jpg\" data-elementor-open-lightbox=\"yes\" data-elementor-lightbox-slideshow=\"c887e1a\" data-e-action-hash=\"#elementor-action%3Aaction%3Dlightbox%26settings%3DeyJpZCI6NzE4LCJ1cmwiOiJodHRwczpcL1wvZXZhcmlzdG9kZWxvc3NhbnRvcy5jb21cL3dwLWNvbnRlbnRcL3VwbG9hZHNcLzIwMjJcLzA0XC9JTUdfODQwNy5qcGciLCJzbGlkZXNob3ciOiJjODg3ZTFhIn0%3D\">\n\t\t\t\t\t<div class=\"e-gallery-image elementor-gallery-item__image\" data-thumbnail=\"https:\/\/evaristodelossantos.com\/wp-content\/uploads\/2022\/04\/IMG_8407-225x300.jpg\" data-width=\"225\" data-height=\"300\" aria-label=\"\" role=\"img\" ><\/div>\n\t\t\t\t\t\t\t\t\t\t\t<div class=\"elementor-gallery-item__overlay\"><\/div>\n\t\t\t\t\t\t\t\t\t\t\t\t\t\t<\/a>\n\t\t\t\t\t\t\t<a class=\"e-gallery-item elementor-gallery-item elementor-animated-content\" href=\"https:\/\/evaristodelossantos.com\/wp-content\/uploads\/2022\/04\/IMG_2652.jpg\" data-elementor-open-lightbox=\"yes\" data-elementor-lightbox-slideshow=\"c887e1a\" data-e-action-hash=\"#elementor-action%3Aaction%3Dlightbox%26settings%3DeyJpZCI6NzE2LCJ1cmwiOiJodHRwczpcL1wvZXZhcmlzdG9kZWxvc3NhbnRvcy5jb21cL3dwLWNvbnRlbnRcL3VwbG9hZHNcLzIwMjJcLzA0XC9JTUdfMjY1Mi5qcGciLCJzbGlkZXNob3ciOiJjODg3ZTFhIn0%3D\">\n\t\t\t\t\t<div class=\"e-gallery-image elementor-gallery-item__image\" data-thumbnail=\"https:\/\/evaristodelossantos.com\/wp-content\/uploads\/2022\/04\/IMG_2652-239x300.jpg\" data-width=\"239\" data-height=\"300\" aria-label=\"\" role=\"img\" ><\/div>\n\t\t\t\t\t\t\t\t\t\t\t<div class=\"elementor-gallery-item__overlay\"><\/div>\n\t\t\t\t\t\t\t\t\t\t\t\t\t\t<\/a>\n\t\t\t\t\t<\/div>\n\t\t\t\t\t<\/div>\n\t\t\t\t<\/div>\n\t\t\t\t<section class=\"elementor-section elementor-inner-section elementor-element elementor-element-e6a559b elementor-section-boxed elementor-section-height-default elementor-section-height-default\" data-id=\"e6a559b\" data-element_type=\"section\" data-e-type=\"section\">\n\t\t\t\t\t\t<div class=\"elementor-container elementor-column-gap-default\">\n\t\t\t\t\t<div class=\"elementor-column elementor-col-100 elementor-inner-column elementor-element elementor-element-a7a9e42\" data-id=\"a7a9e42\" data-element_type=\"column\" data-e-type=\"column\">\n\t\t\t<div class=\"elementor-widget-wrap elementor-element-populated\">\n\t\t\t\t\t\t<div class=\"elementor-element elementor-element-91b091a elementor-widget elementor-widget-jet-listing-dynamic-field\" data-id=\"91b091a\" data-element_type=\"widget\" data-e-type=\"widget\" data-widget_type=\"jet-listing-dynamic-field.default\">\n\t\t\t\t<div class=\"elementor-widget-container\">\n\t\t\t\t\t<span class=\"jet-listing-dynamic-field__content\" ><p class=\"\" style=\"text-align: left\" align=\"center\"><strong><span class=\"\" style=\"font-family: Helvetica Neue;font-size: large\">LAS FLORES\u00a0 \u00a0<\/span><\/strong><span class=\"\" style=\"font-family: Helvetica Neue;font-size: large\">Son y ser\u00e1n las hijas que Dios me dio por medio de ellas expreso lo que siente mi coraz\u00f3n, soy un apasionado por las flores y todo lo relacionado a ellas.<\/span><\/p>\n<p class=\"\" style=\"text-align: left\" align=\"center\"><strong><span class=\"\" style=\"font-family: Helvetica Neue;font-size: large\">LA COCINA\u00a0 \u00a0<\/span><\/strong><span class=\"\" style=\"font-family: Helvetica Neue;font-size: large\">Una pasi\u00f3n en proceso de desarrollo continuo que me hace crear sin medidas y hacer a muchos muy felices por medio de cada creaci\u00f3n culinaria que hago desde mi cocina, mis amigos mas \u00edntimos aman visitar mi casa y cocinar es una de las razones. <\/span><\/p>\n<p class=\"\" style=\"text-align: left\" align=\"center\"><strong><span class=\"\" style=\"font-family: Helvetica Neue;font-size: large\">CANTAR:\u00a0 <\/span><\/strong><span class=\"\" style=\"font-family: Helvetica Neue;font-size: large\">Por medio de la musica o el canto le doy rienda al alma, amo cantar y esto lo vi en casa desde ni\u00f1o con mis abuelos y t\u00edos. <\/span><\/p>\n<p class=\"\" style=\"text-align: left\" align=\"center\"><strong><span class=\"\" style=\"font-family: Helvetica Neue;font-size: large\">ENSE\u00d1AR\u00a0 <\/span><\/strong><span class=\"\" style=\"font-family: Helvetica Neue;font-size: large\">Amo ense\u00f1ar, aquellos que aprendan algo de mi y sigan ense\u00f1ando mas adelante, suelo dar por gracia lo que por gracia recibo, una gran parte de mi tiempo la ocupo leyendo y estudiando, todo aquello que aprendo o estudio debo sacarlo de mi mente y coraz\u00f3n para compartir con el mundo. <\/span><\/p>\n<p class=\"\" style=\"text-align: left\" align=\"center\"><strong><span class=\"\" style=\"font-family: Helvetica Neue;font-size: large\">VIAJAR\u00a0 <\/span><\/strong><span class=\"\" style=\"font-family: Helvetica Neue;font-size: large\">Me he declarado viajero 100% al viajar conecto mis sentidos con la esencia del mundo, he aprendido a conocer diversas personas, a disfrutar de culturas incre\u00edbles pero sobre todo a dejar una huella en cada coraz\u00f3n. <\/span><\/p>\n<p class=\"\" style=\"text-align: left\" align=\"center\"><span class=\"\" style=\"font-family: Helvetica Neue;font-size: large\"><strong>PINTAR Y DIBUJAR<\/strong>\u00a0 \u00a0El orden perfecto nace del desorden siempre he dicho esta frase, amo crear lo que no existe y dar color a lo blanco y negro. me expreso por medio de la pintura y el dibujo y dejo que mi alma y esp\u00edritu creen su propio lenguaje al tocar cada elemento.<\/span><\/p>\n<p class=\"\" style=\"text-align: left\" align=\"center\"><strong><span class=\"\" style=\"font-family: Helvetica Neue;font-size: large\">LA NATURALEZA\u00a0 <\/span><\/strong><span class=\"\" style=\"font-family: Helvetica Neue;font-size: large\">Es uno de mis puntos primordiales de inspiraci\u00f3n. Una de las obras de arte m\u00e1s perfectas de Dios. <\/span><\/p>\n<p class=\"\" style=\"text-align: left\" align=\"center\"><span class=\"\" style=\"font-family: Helvetica Neue;font-size: large\">Y como dice <strong>Vincent Van Gogh: <\/strong>\u00a0\"Sue\u00f1o con pintar y luego pinto mis sue\u00f1os\".<\/span><\/p>\n<\/span>\t\t\t\t<\/div>\n\t\t\t\t<\/div>\n\t\t\t\t\t<\/div>\n\t\t<\/div>\n\t\t\t\t\t<\/div>\n\t\t<\/section>\n\t\t\t\t\t<\/div>\n\t\t<\/div>\n\t\t\t\t\t<\/div>\n\t\t<\/section>\n\t\t\t\t<section class=\"elementor-section elementor-top-section elementor-element elementor-element-0a23127 elementor-section-full_width elementor-section-height-min-height elementor-section-stretched elementor-section-items-bottom elementor-section-height-default\" data-id=\"0a23127\" data-element_type=\"section\" data-e-type=\"section\" data-settings=\"{&quot;stretch_section&quot;:&quot;section-stretched&quot;,&quot;background_background&quot;:&quot;classic&quot;}\">\n\t\t\t\t\t\t\t<div class=\"elementor-background-overlay\"><\/div>\n\t\t\t\t\t\t\t<div class=\"elementor-container elementor-column-gap-default\">\n\t\t\t\t\t<div class=\"elementor-column elementor-col-100 elementor-top-column elementor-element elementor-element-f56d1dd\" data-id=\"f56d1dd\" data-element_type=\"column\" data-e-type=\"column\">\n\t\t\t<div class=\"elementor-widget-wrap elementor-element-populated\">\n\t\t\t\t\t\t<div class=\"elementor-element elementor-element-18c9b9c elementor-widget elementor-widget-heading\" data-id=\"18c9b9c\" data-element_type=\"widget\" data-e-type=\"widget\" data-widget_type=\"heading.default\">\n\t\t\t\t<div class=\"elementor-widget-container\">\n\t\t\t\t\t<h2 class=\"elementor-heading-title elementor-size-default\">Todo lo que puedas Imaginar es real. <\/h2>\t\t\t\t<\/div>\n\t\t\t\t<\/div>\n\t\t\t\t<div class=\"elementor-element elementor-element-c4305e0 elementor-widget elementor-widget-heading\" data-id=\"c4305e0\" data-element_type=\"widget\" data-e-type=\"widget\" data-widget_type=\"heading.default\">\n\t\t\t\t<div class=\"elementor-widget-container\">\n\t\t\t\t\t<h2 class=\"elementor-heading-title elementor-size-default\">Pablo Picasso.<\/h2>\t\t\t\t<\/div>\n\t\t\t\t<\/div>\n\t\t\t\t\t<\/div>\n\t\t<\/div>\n\t\t\t\t\t<\/div>\n\t\t<\/section>\n\t\t\t\t<\/div>","protected":false},"excerpt":{"rendered":"<p>About Me I am a Designer Essence LAS FLORES\u00a0 \u00a0Son y ser\u00e1n las hijas que Dios me dio por medio de ellas expreso lo que siente mi coraz\u00f3n, soy un apasionado por las flores y todo lo relacionado a ellas. LA COCINA\u00a0 \u00a0Una pasi\u00f3n en proceso de desarrollo continuo que me hace crear sin medidas [&hellip;]<\/p>\n","protected":false},"author":1,"featured_media":0,"parent":0,"menu_order":2,"comment_status":"closed","ping_status":"closed","template":"","meta":{"footnotes":""},"class_list":["post-18","page","type-page","status-publish","hentry"],"_links":{"self":[{"href":"https:\/\/evaristodelossantos.com\/en\/wp-json\/wp\/v2\/pages\/18","targetHints":{"allow":["GET"]}}],"collection":[{"href":"https:\/\/evaristodelossantos.com\/en\/wp-json\/wp\/v2\/pages"}],"about":[{"href":"https:\/\/evaristodelossantos.com\/en\/wp-json\/wp\/v2\/types\/page"}],"author":[{"embeddable":true,"href":"https:\/\/evaristodelossantos.com\/en\/wp-json\/wp\/v2\/users\/1"}],"replies":[{"embeddable":true,"href":"https:\/\/evaristodelossantos.com\/en\/wp-json\/wp\/v2\/comments?post=18"}],"version-history":[{"count":0,"href":"https:\/\/evaristodelossantos.com\/en\/wp-json\/wp\/v2\/pages\/18\/revisions"}],"wp:attachment":[{"href":"https:\/\/evaristodelossantos.com\/en\/wp-json\/wp\/v2\/media?parent=18"}],"curies":[{"name":"wp","href":"https:\/\/api.w.org\/{rel}","templated":true}]}}