{"id":23,"date":"2022-04-11T16:39:18","date_gmt":"2022-04-11T16:39:18","guid":{"rendered":"http:\/\/evaristodelossantos.com\/?page_id=23"},"modified":"2023-01-18T14:21:00","modified_gmt":"2023-01-18T18:21:00","slug":"services","status":"publish","type":"page","link":"https:\/\/evaristodelossantos.com\/en\/services\/","title":{"rendered":"Services"},"content":{"rendered":"<div data-elementor-type=\"wp-page\" data-elementor-id=\"23\" class=\"elementor elementor-23\" data-elementor-post-type=\"page\">\n\t\t\t\t\t\t<section class=\"elementor-section elementor-top-section elementor-element elementor-element-17bc856 elementor-section-height-min-height elementor-section-boxed elementor-section-height-default elementor-section-items-middle\" data-id=\"17bc856\" data-element_type=\"section\" data-e-type=\"section\" data-settings=\"{&quot;background_background&quot;:&quot;classic&quot;}\">\n\t\t\t\t\t\t\t<div class=\"elementor-background-overlay\"><\/div>\n\t\t\t\t\t\t\t<div class=\"elementor-container elementor-column-gap-default\">\n\t\t\t\t\t<div class=\"elementor-column elementor-col-100 elementor-top-column elementor-element elementor-element-7492b95\" data-id=\"7492b95\" data-element_type=\"column\" data-e-type=\"column\">\n\t\t\t<div class=\"elementor-widget-wrap elementor-element-populated\">\n\t\t\t\t\t\t<section class=\"elementor-section elementor-inner-section elementor-element elementor-element-2d2b5e8 elementor-section-boxed elementor-section-height-default elementor-section-height-default\" data-id=\"2d2b5e8\" data-element_type=\"section\" data-e-type=\"section\" data-settings=\"{&quot;background_background&quot;:&quot;classic&quot;}\">\n\t\t\t\t\t\t<div class=\"elementor-container elementor-column-gap-default\">\n\t\t\t\t\t<div class=\"elementor-column elementor-col-100 elementor-inner-column elementor-element elementor-element-3f15f89\" data-id=\"3f15f89\" data-element_type=\"column\" data-e-type=\"column\">\n\t\t\t<div class=\"elementor-widget-wrap elementor-element-populated\">\n\t\t\t\t\t\t<div class=\"elementor-element elementor-element-93b9d0b elementor-widget-mobile__width-initial elementor-widget elementor-widget-heading\" data-id=\"93b9d0b\" data-element_type=\"widget\" data-e-type=\"widget\" data-widget_type=\"heading.default\">\n\t\t\t\t<div class=\"elementor-widget-container\">\n\t\t\t\t\t<span class=\"elementor-heading-title elementor-size-default\">Our<\/span>\t\t\t\t<\/div>\n\t\t\t\t<\/div>\n\t\t\t\t<div class=\"elementor-element elementor-element-bc4e891 elementor-widget__width-initial elementor-widget-mobile__width-initial elementor-widget elementor-widget-heading\" data-id=\"bc4e891\" data-element_type=\"widget\" data-e-type=\"widget\" data-widget_type=\"heading.default\">\n\t\t\t\t<div class=\"elementor-widget-container\">\n\t\t\t\t\t<h2 class=\"elementor-heading-title elementor-size-default\">services<\/h2>\t\t\t\t<\/div>\n\t\t\t\t<\/div>\n\t\t\t\t<div class=\"elementor-element elementor-element-7d3abfa elementor-widget elementor-widget-spacer\" data-id=\"7d3abfa\" data-element_type=\"widget\" data-e-type=\"widget\" data-widget_type=\"spacer.default\">\n\t\t\t\t<div class=\"elementor-widget-container\">\n\t\t\t\t\t\t\t<div class=\"elementor-spacer\">\n\t\t\t<div class=\"elementor-spacer-inner\"><\/div>\n\t\t<\/div>\n\t\t\t\t\t\t<\/div>\n\t\t\t\t<\/div>\n\t\t\t\t<div class=\"elementor-element elementor-element-46a888f elementor-widget elementor-widget-text-editor\" data-id=\"46a888f\" data-element_type=\"widget\" data-e-type=\"widget\" data-widget_type=\"text-editor.default\">\n\t\t\t\t<div class=\"elementor-widget-container\">\n\t\t\t\t\t\t\t\t\t01. Wedding Planner\t\t\t\t\t\t\t\t<\/div>\n\t\t\t\t<\/div>\n\t\t\t\t<div class=\"elementor-element elementor-element-910c55d elementor-widget elementor-widget-text-editor\" data-id=\"910c55d\" data-element_type=\"widget\" data-e-type=\"widget\" data-widget_type=\"text-editor.default\">\n\t\t\t\t<div class=\"elementor-widget-container\">\n\t\t\t\t\t\t\t\t\t<p>Somos un grupo de expertos profesionales en planificaci\u00f3n de bodas, enfocados en materializar tus sue\u00f1os, dise\u00f1ando y conceptualizando cada idea de tu proyecto sin que se escapen detalles, con una linea de trabajo personalizada.<\/p>\n<p>Nuestra visi\u00f3n por medio de este servicio es conectar con cada cliente para conocer sus gustos, optimizar los recursos y brindar la seguridad necesaria ante cada proyecto.<\/p>\n<p>M\u00e1s que cantidad somos calidad.<\/p>\n<p>&nbsp;<\/p>\n\t\t\t\t\t\t\t\t<\/div>\n\t\t\t\t<\/div>\n\t\t\t\t<div class=\"elementor-element elementor-element-6417617 elementor-widget elementor-widget-text-editor\" data-id=\"6417617\" data-element_type=\"widget\" data-e-type=\"widget\" data-widget_type=\"text-editor.default\">\n\t\t\t\t<div class=\"elementor-widget-container\">\n\t\t\t\t\t\t\t\t\t02. Luxury Event Designer\t\t\t\t\t\t\t\t<\/div>\n\t\t\t\t<\/div>\n\t\t\t\t<div class=\"elementor-element elementor-element-968c48d elementor-widget elementor-widget-text-editor\" data-id=\"968c48d\" data-element_type=\"widget\" data-e-type=\"widget\" data-widget_type=\"text-editor.default\">\n\t\t\t\t<div class=\"elementor-widget-container\">\n\t\t\t\t\t\t\t\t\t<p>Nos apasiona crear, dejar volar nuestra imaginaci\u00f3n y sobre todo trabajar en equipo junto a nuestros clientes, dandole valor, realce a las mas altas exigencias de sus gustos. Creando un proyecto integral, coherente, cargado de estilo, pasi\u00f3n y elegancia. Utilizando las herramientas necesarias para darle riendas sueltas a nuestra creatividad.<\/p>\n<p>Nos inspiramos en todos los recursos de la naturaleza y nuestro estilo de vida. amamos so\u00f1ar junto a nuestros clientes y confeccionar proyectos memorables para ellos y sus invitados, disfrutamos que vivan experiencias \u00fanicas.<\/p>\n<p>El buen servicio y nuestro carisma permiten la conexi\u00f3n con nuestros clientes, alcanzando resultados extraordinarios para sus proyectos, haciendo de sus sue\u00f1os una realidad.<\/p>\n<p>Desde la est\u00e9tica hasta la experiencia, cada elemento s\u00e9 entrelaza meticulosamente para formar un entorno armonioso que es notablemente caracter\u00edstico del estilo de vida y dise\u00f1o de Evaristo De Los Santos y su equipo.<\/p>\n\t\t\t\t\t\t\t\t<\/div>\n\t\t\t\t<\/div>\n\t\t\t\t<div class=\"elementor-element elementor-element-341f33a elementor-widget elementor-widget-text-editor\" data-id=\"341f33a\" data-element_type=\"widget\" data-e-type=\"widget\" data-widget_type=\"text-editor.default\">\n\t\t\t\t<div class=\"elementor-widget-container\">\n\t\t\t\t\t\t\t\t\t03. Talks | International Speaker\t\t\t\t\t\t\t\t<\/div>\n\t\t\t\t<\/div>\n\t\t\t\t<div class=\"elementor-element elementor-element-3c36c9f elementor-widget elementor-widget-text-editor\" data-id=\"3c36c9f\" data-element_type=\"widget\" data-e-type=\"widget\" data-widget_type=\"text-editor.default\">\n\t\t\t\t<div class=\"elementor-widget-container\">\n\t\t\t\t\t\t\t\t\t<p>Experto en dise\u00f1o, tanto en oficio y en estilo de vida, Evaristo De Los Santos es un l\u00edder y educador influyente, experto en temas diversos que abarca todos los \u00e1mbitos del arte, el dise\u00f1o y el servicio al cliente. Es un apasionado del buen gusto y del buen vivir. Amante de las flores y conocedor de ellas a gran escala.<\/p>\n<p>Su buen gusto por los espacios de interiores y eventos lo llevan a compartir todo este conocimiento con grandes masas.<\/p>\n<p>M\u00e1s alla del arte y el dise\u00f1o Evaristo domina el lenguaje de los negocios, el marketing y la estrategia de marca seg\u00fan se aplican a los tiempos e industria.<\/p>\n<p>Es un gran artista que educa, instruye y comparte con una pasi\u00f3n contagiosa y habilidad natural para atraer e inspirar a cualquier audiencia.<\/p>\n<p>A su corta trayectoria ha logrado inspirar y compartir con grandes masas, en regiones y pa\u00edses del continente americano, siendo este un referente tanto para la industria como para el talento joven que necesita ser inspirado.<\/p>\n\t\t\t\t\t\t\t\t<\/div>\n\t\t\t\t<\/div>\n\t\t\t\t\t<\/div>\n\t\t<\/div>\n\t\t\t\t\t<\/div>\n\t\t<\/section>\n\t\t\t\t\t<\/div>\n\t\t<\/div>\n\t\t\t\t\t<\/div>\n\t\t<\/section>\n\t\t\t\t<section class=\"elementor-section elementor-top-section elementor-element elementor-element-d076db5 elementor-section-height-min-height elementor-section-boxed elementor-section-height-default elementor-section-items-middle\" data-id=\"d076db5\" data-element_type=\"section\" data-e-type=\"section\" data-settings=\"{&quot;background_background&quot;:&quot;classic&quot;}\">\n\t\t\t\t\t\t\t<div class=\"elementor-background-overlay\"><\/div>\n\t\t\t\t\t\t\t<div class=\"elementor-container elementor-column-gap-default\">\n\t\t\t\t\t<div class=\"elementor-column elementor-col-100 elementor-top-column elementor-element elementor-element-410d3cb\" data-id=\"410d3cb\" data-element_type=\"column\" data-e-type=\"column\">\n\t\t\t<div class=\"elementor-widget-wrap elementor-element-populated\">\n\t\t\t\t\t\t<div class=\"elementor-element elementor-element-5d736c9 elementor-widget elementor-widget-text-editor\" data-id=\"5d736c9\" data-element_type=\"widget\" data-e-type=\"widget\" data-widget_type=\"text-editor.default\">\n\t\t\t\t<div class=\"elementor-widget-container\">\n\t\t\t\t\t\t\t\t\tSomos expertos del buen gusto, el estilo de vida y de eventos con sentido. \t\t\t\t\t\t\t\t<\/div>\n\t\t\t\t<\/div>\n\t\t\t\t<div class=\"elementor-element elementor-element-1c15ff2 elementor-widget elementor-widget-text-editor\" data-id=\"1c15ff2\" data-element_type=\"widget\" data-e-type=\"widget\" data-widget_type=\"text-editor.default\">\n\t\t\t\t<div class=\"elementor-widget-container\">\n\t\t\t\t\t\t\t\t\t<p>En Evaristo De Los Santos Lifestyle and wedding designer nos enfocamos en nuestros clientes, su visi\u00f3n, que sientan el respaldo y apoyo a tiempo completo, siempre mantenerlos entusiasmados de la perfecta organizaci\u00f3n y planificaci\u00f3n de cada uno de los proyectos que dejan en nuestras manos. nuestra meta principal u objetivos es que vivan una experiencia memorable por medio de la planificaci\u00f3n sin que se sientan abrumados o cansados, que disfruten cada minuto del proceso y desarrollo de su gran dia de bodas o cualquier evento realizado.<\/p>\n<ul>\n<li>Claridad en todo momento, desde la primera reunion, evoluci\u00f3n de propuestas, entrega de presupuesto y m\u00e1s.<\/li>\n<li>Comunicaci\u00f3n efectiva y clara | Manteniendo firme el respeto a lo largo del proceso de su planificaci\u00f3n de bodas o cualquier evento.<\/li>\n<li>Respuestas concretas e inmediatas, satisfactorias y cargadas de sentido com\u00fan.<\/li>\n<li>Servicios y dise\u00f1os alineados a la calidad y no la cantidad.<\/li>\n<\/ul>\n<p>Complete nuestro breve formulario y nos pondremos en contacto con usted lo antes posible con m\u00e1s detalles para que pueda obtener m\u00e1s informaci\u00f3n sobre c\u00f3mo podemos ayudarlo.<\/p>\n\t\t\t\t\t\t\t\t<\/div>\n\t\t\t\t<\/div>\n\t\t\t\t<div class=\"elementor-element elementor-element-3d0cd8f elementor-align-center elementor-widget__width-auto elementor-widget elementor-widget-button\" data-id=\"3d0cd8f\" data-element_type=\"widget\" data-e-type=\"widget\" data-widget_type=\"button.default\">\n\t\t\t\t<div class=\"elementor-widget-container\">\n\t\t\t\t\t\t\t\t\t<div class=\"elementor-button-wrapper\">\n\t\t\t\t\t<a class=\"elementor-button elementor-button-link elementor-size-sm\" href=\"\/contact-me\">\n\t\t\t\t\t\t<span class=\"elementor-button-content-wrapper\">\n\t\t\t\t\t\t\t\t\t<span class=\"elementor-button-text\">Contact Us<\/span>\n\t\t\t\t\t<\/span>\n\t\t\t\t\t<\/a>\n\t\t\t\t<\/div>\n\t\t\t\t\t\t\t\t<\/div>\n\t\t\t\t<\/div>\n\t\t\t\t<div class=\"elementor-element elementor-element-3a2732e elementor-align-center elementor-widget__width-auto elementor-hidden-desktop elementor-hidden-tablet elementor-hidden-mobile elementor-widget elementor-widget-button\" data-id=\"3a2732e\" data-element_type=\"widget\" data-e-type=\"widget\" data-widget_type=\"button.default\">\n\t\t\t\t<div class=\"elementor-widget-container\">\n\t\t\t\t\t\t\t\t\t<div class=\"elementor-button-wrapper\">\n\t\t\t\t\t<a class=\"elementor-button elementor-button-link elementor-size-sm\" href=\"\/meetings\">\n\t\t\t\t\t\t<span class=\"elementor-button-content-wrapper\">\n\t\t\t\t\t\t\t\t\t<span class=\"elementor-button-text\">Let\u2019s schedule a meeting <\/span>\n\t\t\t\t\t<\/span>\n\t\t\t\t\t<\/a>\n\t\t\t\t<\/div>\n\t\t\t\t\t\t\t\t<\/div>\n\t\t\t\t<\/div>\n\t\t\t\t\t<\/div>\n\t\t<\/div>\n\t\t\t\t\t<\/div>\n\t\t<\/section>\n\t\t\t\t<\/div>","protected":false},"excerpt":{"rendered":"<p>Our services Contact Us<\/p>","protected":false},"author":1,"featured_media":0,"parent":0,"menu_order":4,"comment_status":"closed","ping_status":"closed","template":"","meta":{"footnotes":""},"class_list":["post-23","page","type-page","status-publish","hentry"],"_links":{"self":[{"href":"https:\/\/evaristodelossantos.com\/en\/wp-json\/wp\/v2\/pages\/23","targetHints":{"allow":["GET"]}}],"collection":[{"href":"https:\/\/evaristodelossantos.com\/en\/wp-json\/wp\/v2\/pages"}],"about":[{"href":"https:\/\/evaristodelossantos.com\/en\/wp-json\/wp\/v2\/types\/page"}],"author":[{"embeddable":true,"href":"https:\/\/evaristodelossantos.com\/en\/wp-json\/wp\/v2\/users\/1"}],"replies":[{"embeddable":true,"href":"https:\/\/evaristodelossantos.com\/en\/wp-json\/wp\/v2\/comments?post=23"}],"version-history":[{"count":0,"href":"https:\/\/evaristodelossantos.com\/en\/wp-json\/wp\/v2\/pages\/23\/revisions"}],"wp:attachment":[{"href":"https:\/\/evaristodelossantos.com\/en\/wp-json\/wp\/v2\/media?parent=23"}],"curies":[{"name":"wp","href":"https:\/\/api.w.org\/{rel}","templated":true}]}}